{"id":47,"date":"2025-03-12T14:00:20","date_gmt":"2025-03-12T13:00:20","guid":{"rendered":"https:\/\/travailler-mayenneco.com\/?page_id=47"},"modified":"2025-03-12T14:00:20","modified_gmt":"2025-03-12T13:00:20","slug":"sinstaller","status":"publish","type":"page","link":"https:\/\/travailler-mayenneco.com\/index.php\/sinstaller\/","title":{"rendered":"S&rsquo;installer"},"content":{"rendered":"\n<p>Nouveaux actifs sur le territoire ? Nous sommes l\u00e0 pour faciliter votre installation, si vous avez des questions ou besoin d\u2019un petit coup de pouce. N&rsquo;h\u00e9sitez pas \u00e0 nous contacter : <\/p>\n\n\n\n<p>Le\u00a0<strong>service d\u2019information<\/strong>\u00a0\u00ab\u00a0Bienvenue \u00e0 Mayenne Co\u00a0\u00bb est une offre de conseils sur mesure \u00e0 destination des salari\u00e9s qui envisagent de s\u2019installer sur notre territoire. Ils peuvent trouver une r\u00e9ponse \u00e0 toutes leurs gestions gr\u00e2ce \u00e0 un interlocuteur privil\u00e9gi\u00e9 (logement, offres culturelles, sant\u00e9, sport, \u00e9ducations, activit\u00e9s, etc.)<\/p>\n\n\n\n<figure class=\"wp-block-image aligncenter size-large\"><img loading=\"lazy\" decoding=\"async\" width=\"722\" height=\"1024\" src=\"https:\/\/travailler-mayenneco.com\/wp-content\/uploads\/2025\/03\/Bienvenue-722x1024.png\" alt=\"\" class=\"wp-image-56\" srcset=\"https:\/\/travailler-mayenneco.com\/wp-content\/uploads\/2025\/03\/Bienvenue-722x1024.png 722w, https:\/\/travailler-mayenneco.com\/wp-content\/uploads\/2025\/03\/Bienvenue-212x300.png 212w, https:\/\/travailler-mayenneco.com\/wp-content\/uploads\/2025\/03\/Bienvenue-768x1089.png 768w, https:\/\/travailler-mayenneco.com\/wp-content\/uploads\/2025\/03\/Bienvenue.png 790w\" sizes=\"auto, (max-width: 722px) 100vw, 722px\" \/><\/figure>\n","protected":false},"excerpt":{"rendered":"<p>Nouveaux actifs sur le territoire ? Nous sommes l\u00e0 pour faciliter votre installation, si vous avez des questions ou besoin d\u2019un petit coup de pouce. N&rsquo;h\u00e9sitez pas \u00e0 nous contacter : Le\u00a0service d\u2019information\u00a0\u00ab\u00a0Bienvenue \u00e0 Mayenne Co\u00a0\u00bb est une offre de conseils sur mesure \u00e0 destination des salari\u00e9s qui envisagent de s\u2019installer sur notre territoire. Ils [&hellip;]<\/p>\n","protected":false},"author":1,"featured_media":0,"parent":0,"menu_order":0,"comment_status":"closed","ping_status":"closed","template":"","meta":{"footnotes":""},"class_list":["post-47","page","type-page","status-publish","hentry"],"blocksy_meta":[],"_links":{"self":[{"href":"https:\/\/travailler-mayenneco.com\/index.php\/wp-json\/wp\/v2\/pages\/47","targetHints":{"allow":["GET"]}}],"collection":[{"href":"https:\/\/travailler-mayenneco.com\/index.php\/wp-json\/wp\/v2\/pages"}],"about":[{"href":"https:\/\/travailler-mayenneco.com\/index.php\/wp-json\/wp\/v2\/types\/page"}],"author":[{"embeddable":true,"href":"https:\/\/travailler-mayenneco.com\/index.php\/wp-json\/wp\/v2\/users\/1"}],"replies":[{"embeddable":true,"href":"https:\/\/travailler-mayenneco.com\/index.php\/wp-json\/wp\/v2\/comments?post=47"}],"version-history":[{"count":1,"href":"https:\/\/travailler-mayenneco.com\/index.php\/wp-json\/wp\/v2\/pages\/47\/revisions"}],"predecessor-version":[{"id":57,"href":"https:\/\/travailler-mayenneco.com\/index.php\/wp-json\/wp\/v2\/pages\/47\/revisions\/57"}],"wp:attachment":[{"href":"https:\/\/travailler-mayenneco.com\/index.php\/wp-json\/wp\/v2\/media?parent=47"}],"curies":[{"name":"wp","href":"https:\/\/api.w.org\/{rel}","templated":true}]}}